{"id":988,"date":"2021-03-02T09:23:34","date_gmt":"2021-03-02T08:23:34","guid":{"rendered":"https:\/\/bbq-and-outdoor.info\/?page_id=988"},"modified":"2025-07-28T14:10:06","modified_gmt":"2025-07-28T12:10:06","slug":"impressum","status":"publish","type":"page","link":"https:\/\/bbq-and-outdoor.info\/es\/impressum\/","title":{"rendered":"Informaci\u00f3n legal"},"content":{"rendered":"<div data-elementor-type=\"wp-page\" data-elementor-id=\"988\" class=\"elementor elementor-988\">\n\t\t\t\t\t\t<section class=\"elementor-section elementor-top-section elementor-element elementor-element-e4793af elementor-section-full_width elementor-section-height-default elementor-section-height-default\" data-id=\"e4793af\" data-element_type=\"section\" data-e-type=\"section\" data-settings=\"{&quot;background_background&quot;:&quot;classic&quot;}\">\n\t\t\t\t\t\t<div class=\"elementor-container elementor-column-gap-default\">\n\t\t\t\t\t<div class=\"elementor-column elementor-col-100 elementor-top-column elementor-element elementor-element-34783ad\" data-id=\"34783ad\" data-element_type=\"column\" data-e-type=\"column\">\n\t\t\t<div class=\"elementor-widget-wrap elementor-element-populated\">\n\t\t\t\t\t\t<div class=\"elementor-element elementor-element-2d55626 elementor-widget elementor-widget-spacer\" data-id=\"2d55626\" data-element_type=\"widget\" data-e-type=\"widget\" data-widget_type=\"spacer.default\">\n\t\t\t\t<div class=\"elementor-widget-container\">\n\t\t\t\t\t\t\t<div class=\"elementor-spacer\">\n\t\t\t<div class=\"elementor-spacer-inner\"><\/div>\n\t\t<\/div>\n\t\t\t\t\t\t<\/div>\n\t\t\t\t<\/div>\n\t\t\t\t\t<\/div>\n\t\t<\/div>\n\t\t\t\t\t<\/div>\n\t\t<\/section>\n\t\t\t\t<section class=\"elementor-section elementor-top-section elementor-element elementor-element-f462bd9 elementor-section-full_width elementor-section-height-default elementor-section-height-default\" data-id=\"f462bd9\" data-element_type=\"section\" data-e-type=\"section\" data-settings=\"{&quot;background_background&quot;:&quot;classic&quot;}\">\n\t\t\t\t\t\t<div class=\"elementor-container elementor-column-gap-default\">\n\t\t\t\t\t<div class=\"elementor-column elementor-col-100 elementor-top-column elementor-element elementor-element-43434d0\" data-id=\"43434d0\" data-element_type=\"column\" data-e-type=\"column\">\n\t\t\t<div class=\"elementor-widget-wrap elementor-element-populated\">\n\t\t\t\t\t\t<div class=\"elementor-element elementor-element-96ddb53 elementor-widget elementor-widget-spacer\" data-id=\"96ddb53\" data-element_type=\"widget\" data-e-type=\"widget\" data-widget_type=\"spacer.default\">\n\t\t\t\t<div class=\"elementor-widget-container\">\n\t\t\t\t\t\t\t<div class=\"elementor-spacer\">\n\t\t\t<div class=\"elementor-spacer-inner\"><\/div>\n\t\t<\/div>\n\t\t\t\t\t\t<\/div>\n\t\t\t\t<\/div>\n\t\t\t\t\t<\/div>\n\t\t<\/div>\n\t\t\t\t\t<\/div>\n\t\t<\/section>\n\t\t\t\t<section class=\"elementor-section elementor-top-section elementor-element elementor-element-05c7f8e elementor-section-full_width elementor-section-height-min-height elementor-section-height-default elementor-section-items-middle\" data-id=\"05c7f8e\" data-element_type=\"section\" data-e-type=\"section\" data-settings=\"{&quot;background_background&quot;:&quot;classic&quot;}\">\n\t\t\t\t\t\t<div class=\"elementor-container elementor-column-gap-default\">\n\t\t\t\t\t<div class=\"elementor-column elementor-col-100 elementor-top-column elementor-element elementor-element-10192fe\" data-id=\"10192fe\" data-element_type=\"column\" data-e-type=\"column\">\n\t\t\t<div class=\"elementor-widget-wrap\">\n\t\t\t\t\t\t\t<\/div>\n\t\t<\/div>\n\t\t\t\t\t<\/div>\n\t\t<\/section>\n\t\t\t\t<section class=\"elementor-section elementor-top-section elementor-element elementor-element-3f182a7 elementor-section-boxed elementor-section-height-default elementor-section-height-default\" data-id=\"3f182a7\" data-element_type=\"section\" data-e-type=\"section\" data-settings=\"{&quot;background_background&quot;:&quot;classic&quot;}\">\n\t\t\t\t\t\t<div class=\"elementor-container elementor-column-gap-no\">\n\t\t\t\t\t<div class=\"elementor-column elementor-col-100 elementor-top-column elementor-element elementor-element-525412b\" data-id=\"525412b\" data-element_type=\"column\" data-e-type=\"column\">\n\t\t\t<div class=\"elementor-widget-wrap elementor-element-populated\">\n\t\t\t\t\t\t<div class=\"elementor-element elementor-element-8b82f7b elementor-widget elementor-widget-spacer\" data-id=\"8b82f7b\" data-element_type=\"widget\" data-e-type=\"widget\" data-widget_type=\"spacer.default\">\n\t\t\t\t<div class=\"elementor-widget-container\">\n\t\t\t\t\t\t\t<div class=\"elementor-spacer\">\n\t\t\t<div class=\"elementor-spacer-inner\"><\/div>\n\t\t<\/div>\n\t\t\t\t\t\t<\/div>\n\t\t\t\t<\/div>\n\t\t\t\t<div class=\"elementor-element elementor-element-0430259 elementor-widget elementor-widget-heading\" data-id=\"0430259\" data-element_type=\"widget\" data-e-type=\"widget\" data-widget_type=\"heading.default\">\n\t\t\t\t<div class=\"elementor-widget-container\">\n\t\t\t\t\t<h6 class=\"elementor-heading-title elementor-size-default\">IMPRIMIR<\/h6>\t\t\t\t<\/div>\n\t\t\t\t<\/div>\n\t\t\t\t<section class=\"elementor-section elementor-inner-section elementor-element elementor-element-ca05d23 elementor-section-boxed elementor-section-height-default elementor-section-height-default\" data-id=\"ca05d23\" data-element_type=\"section\" data-e-type=\"section\">\n\t\t\t\t\t\t<div class=\"elementor-container elementor-column-gap-default\">\n\t\t\t\t\t<div class=\"elementor-column elementor-col-100 elementor-inner-column elementor-element elementor-element-f302d21\" data-id=\"f302d21\" data-element_type=\"column\" data-e-type=\"column\">\n\t\t\t<div class=\"elementor-widget-wrap elementor-element-populated\">\n\t\t\t\t\t\t<div class=\"elementor-element elementor-element-2100a80 elementor-widget elementor-widget-text-editor\" data-id=\"2100a80\" data-element_type=\"widget\" data-e-type=\"widget\" data-widget_type=\"text-editor.default\">\n\t\t\t\t<div class=\"elementor-widget-container\">\n\t\t\t\t\t\t\t\t\t<p><strong>UMAREX GmbH &amp; Co. KG<br \/>Departamento Laserliner<\/strong><br \/>Donnerfeld 2<br \/>59757 Arnsberg<br \/>Germany<\/p><p>Tel. +49 2932 9004-0<br \/>Fax +49 2932 9004-333<br \/><a href=\"mailto:info@laserliner.com\">i<span id=\"cloakeef84688cdba1bbc77c8a52c7026d833\">nfo@laserliner.com<\/span><\/a><br \/>www.laserliner.com<\/p><p>Informaci\u00f3n sobre los impuestos<br \/>Tribunal de Distrito de Arnsberg, HRA 2069<\/p><p>Socio personalmente responsable:<br \/>UMAREX Verwaltungs GmbH<\/p><p>Consejeros delegados autorizados para representar:<br \/>Wulf-Heinz Pflaumer<br \/>Eyck Pflaumer, Martin Wonisch, Matthias Strack<\/p><p>Tribunal de Distrito de Arnsberg, HRB 493<br \/>N\u00famero de identificaci\u00f3n fiscal DE123887303<\/p><p>Streitschlichtung<br \/>Wir sind nicht bereit oder verpflichtet, an Streitbeilegungsverfahren vor einer Verbraucherschlichtungsstelle teilzunehmen.<\/p>\t\t\t\t\t\t\t\t<\/div>\n\t\t\t\t<\/div>\n\t\t\t\t\t<\/div>\n\t\t<\/div>\n\t\t\t\t\t<\/div>\n\t\t<\/section>\n\t\t\t\t\t<\/div>\n\t\t<\/div>\n\t\t\t\t\t<\/div>\n\t\t<\/section>\n\t\t\t\t<\/div>","protected":false},"excerpt":{"rendered":"<p>IMPRESSUM UMAREX GmbH &amp; Co. KGBereich LaserlinerDonnerfeld 259757 ArnsbergGermany Tel. +49 2932 9004-0Fax +49 2932 9004-333info@laserliner.comwww.laserliner.com Steuerrechtliche InformationenAmtsgericht Arnsberg, HRA 2069 Pers\u00f6nlich haftende Gesellschafterin:UMAREX Verwaltungs GmbH Vertretungsberechtigte Gesch\u00e4ftsf\u00fchrer:Wulf-Heinz PflaumerEyck Pflaumer, Martin Wonisch, Matthias Strack Amtsgericht Arnsberg, HRB 493Ust.-Id Nr. DE123887303 StreitschlichtungWir sind nicht bereit oder verpflichtet, an Streitbeilegungsverfahren vor einer Verbraucherschlichtungsstelle teilzunehmen.<\/p>","protected":false},"author":3,"featured_media":0,"parent":0,"menu_order":0,"comment_status":"closed","ping_status":"closed","template":"","meta":{"ocean_post_layout":"full-screen","ocean_both_sidebars_style":"","ocean_both_sidebars_content_width":0,"ocean_both_sidebars_sidebars_width":0,"ocean_sidebar":"0","ocean_second_sidebar":"0","ocean_disable_margins":"enable","ocean_add_body_class":"","ocean_shortcode_before_top_bar":"","ocean_shortcode_after_top_bar":"","ocean_shortcode_before_header":"","ocean_shortcode_after_header":"","ocean_has_shortcode":"","ocean_shortcode_after_title":"","ocean_shortcode_before_footer_widgets":"","ocean_shortcode_after_footer_widgets":"","ocean_shortcode_before_footer_bottom":"","ocean_shortcode_after_footer_bottom":"","ocean_display_top_bar":"default","ocean_display_header":"default","ocean_header_style":"","ocean_center_header_left_menu":"0","ocean_custom_header_template":"0","ocean_custom_logo":0,"ocean_custom_retina_logo":0,"ocean_custom_logo_max_width":0,"ocean_custom_logo_tablet_max_width":0,"ocean_custom_logo_mobile_max_width":0,"ocean_custom_logo_max_height":0,"ocean_custom_logo_tablet_max_height":0,"ocean_custom_logo_mobile_max_height":0,"ocean_header_custom_menu":"3","ocean_menu_typo_font_family":"0","ocean_menu_typo_font_subset":"","ocean_menu_typo_font_size":0,"ocean_menu_typo_font_size_tablet":0,"ocean_menu_typo_font_size_mobile":0,"ocean_menu_typo_font_size_unit":"px","ocean_menu_typo_font_weight":"","ocean_menu_typo_font_weight_tablet":"","ocean_menu_typo_font_weight_mobile":"","ocean_menu_typo_transform":"","ocean_menu_typo_transform_tablet":"","ocean_menu_typo_transform_mobile":"","ocean_menu_typo_line_height":0,"ocean_menu_typo_line_height_tablet":0,"ocean_menu_typo_line_height_mobile":0,"ocean_menu_typo_line_height_unit":"","ocean_menu_typo_spacing":0,"ocean_menu_typo_spacing_tablet":0,"ocean_menu_typo_spacing_mobile":0,"ocean_menu_typo_spacing_unit":"","ocean_menu_link_color":"","ocean_menu_link_color_hover":"","ocean_menu_link_color_active":"","ocean_menu_link_background":"","ocean_menu_link_hover_background":"","ocean_menu_link_active_background":"","ocean_menu_social_links_bg":"","ocean_menu_social_hover_links_bg":"","ocean_menu_social_links_color":"","ocean_menu_social_hover_links_color":"","ocean_disable_title":"on","ocean_disable_heading":"default","ocean_post_title":"","ocean_post_subheading":"","ocean_post_title_style":"","ocean_post_title_background_color":"","ocean_post_title_background":0,"ocean_post_title_bg_image_position":"","ocean_post_title_bg_image_attachment":"","ocean_post_title_bg_image_repeat":"","ocean_post_title_bg_image_size":"","ocean_post_title_height":0,"ocean_post_title_bg_overlay":0.5,"ocean_post_title_bg_overlay_color":"","ocean_disable_breadcrumbs":"default","ocean_breadcrumbs_color":"","ocean_breadcrumbs_separator_color":"","ocean_breadcrumbs_links_color":"","ocean_breadcrumbs_links_hover_color":"","ocean_display_footer_widgets":"default","ocean_display_footer_bottom":"default","ocean_custom_footer_template":"0","footnotes":""},"class_list":["post-988","page","type-page","status-publish","hentry","entry"],"yoast_head":"<!-- This site is optimized with the Yoast SEO plugin v27.4 - https:\/\/yoast.com\/product\/yoast-seo-wordpress\/ -->\n<title>Impressum &#183; BBQ &amp; Outdoor<\/title>\n<meta name=\"robots\" content=\"index, follow, max-snippet:-1, max-image-preview:large, max-video-preview:-1\" \/>\n<link rel=\"canonical\" href=\"https:\/\/bbq-and-outdoor.info\/es\/impressum\/\" \/>\n<meta property=\"og:locale\" content=\"es_ES\" \/>\n<meta property=\"og:type\" content=\"article\" \/>\n<meta property=\"og:title\" content=\"Impressum &#183; BBQ &amp; Outdoor\" \/>\n<meta property=\"og:description\" content=\"IMPRESSUM UMAREX GmbH &amp; Co. KGBereich LaserlinerDonnerfeld 259757 ArnsbergGermany Tel. +49 2932 9004-0Fax +49 2932 9004-333info@laserliner.comwww.laserliner.com Steuerrechtliche InformationenAmtsgericht Arnsberg, HRA 2069 Pers\u00f6nlich haftende Gesellschafterin:UMAREX Verwaltungs GmbH Vertretungsberechtigte Gesch\u00e4ftsf\u00fchrer:Wulf-Heinz PflaumerEyck Pflaumer, Martin Wonisch, Matthias Strack Amtsgericht Arnsberg, HRB 493Ust.-Id Nr. DE123887303 StreitschlichtungWir sind nicht bereit oder verpflichtet, an Streitbeilegungsverfahren vor einer Verbraucherschlichtungsstelle teilzunehmen.\" \/>\n<meta property=\"og:url\" content=\"https:\/\/bbq-and-outdoor.info\/es\/impressum\/\" \/>\n<meta property=\"og:site_name\" content=\"BBQ &amp; Outdoor\" \/>\n<meta property=\"article:publisher\" content=\"https:\/\/www.facebook.com\/LaserlinerOfficial\" \/>\n<meta property=\"article:modified_time\" content=\"2025-07-28T12:10:06+00:00\" \/>\n<meta name=\"twitter:card\" content=\"summary_large_image\" \/>\n<meta name=\"twitter:label1\" content=\"Est. reading time\" \/>\n\t<meta name=\"twitter:data1\" content=\"1 minute\" \/>\n<script type=\"application\/ld+json\" class=\"yoast-schema-graph\">{\"@context\":\"https:\\\/\\\/schema.org\",\"@graph\":[{\"@type\":\"WebPage\",\"@id\":\"https:\\\/\\\/bbq-and-outdoor.info\\\/impressum\\\/\",\"url\":\"https:\\\/\\\/bbq-and-outdoor.info\\\/impressum\\\/\",\"name\":\"Impressum &#183; BBQ &amp; Outdoor\",\"isPartOf\":{\"@id\":\"https:\\\/\\\/bbq-and-outdoor.info\\\/#website\"},\"datePublished\":\"2021-03-02T08:23:34+00:00\",\"dateModified\":\"2025-07-28T12:10:06+00:00\",\"breadcrumb\":{\"@id\":\"https:\\\/\\\/bbq-and-outdoor.info\\\/impressum\\\/#breadcrumb\"},\"inLanguage\":\"es-ES\",\"potentialAction\":[{\"@type\":\"ReadAction\",\"target\":[\"https:\\\/\\\/bbq-and-outdoor.info\\\/impressum\\\/\"]}]},{\"@type\":\"BreadcrumbList\",\"@id\":\"https:\\\/\\\/bbq-and-outdoor.info\\\/impressum\\\/#breadcrumb\",\"itemListElement\":[{\"@type\":\"ListItem\",\"position\":1,\"name\":\"Startseite\",\"item\":\"https:\\\/\\\/bbq-and-outdoor.info\\\/\"},{\"@type\":\"ListItem\",\"position\":2,\"name\":\"Impressum\"}]},{\"@type\":\"WebSite\",\"@id\":\"https:\\\/\\\/bbq-and-outdoor.info\\\/#website\",\"url\":\"https:\\\/\\\/bbq-and-outdoor.info\\\/\",\"name\":\"Laserliner BBQ & Outdoor\",\"description\":\"\",\"publisher\":{\"@id\":\"https:\\\/\\\/bbq-and-outdoor.info\\\/#organization\"},\"potentialAction\":[{\"@type\":\"SearchAction\",\"target\":{\"@type\":\"EntryPoint\",\"urlTemplate\":\"https:\\\/\\\/bbq-and-outdoor.info\\\/?s={search_term_string}\"},\"query-input\":{\"@type\":\"PropertyValueSpecification\",\"valueRequired\":true,\"valueName\":\"search_term_string\"}}],\"inLanguage\":\"es-ES\"},{\"@type\":\"Organization\",\"@id\":\"https:\\\/\\\/bbq-and-outdoor.info\\\/#organization\",\"name\":\"UMAREX GmbH & Co. KG \u00b7 Bereich Laserliner\",\"url\":\"https:\\\/\\\/bbq-and-outdoor.info\\\/\",\"logo\":{\"@type\":\"ImageObject\",\"inLanguage\":\"es-ES\",\"@id\":\"https:\\\/\\\/bbq-and-outdoor.info\\\/#\\\/schema\\\/logo\\\/image\\\/\",\"url\":\"https:\\\/\\\/bbq-and-outdoor.info\\\/wp-content\\\/uploads\\\/2021\\\/02\\\/Logo_Laserliner_200.png\",\"contentUrl\":\"https:\\\/\\\/bbq-and-outdoor.info\\\/wp-content\\\/uploads\\\/2021\\\/02\\\/Logo_Laserliner_200.png\",\"width\":200,\"height\":56,\"caption\":\"UMAREX GmbH & Co. KG \u00b7 Bereich Laserliner\"},\"image\":{\"@id\":\"https:\\\/\\\/bbq-and-outdoor.info\\\/#\\\/schema\\\/logo\\\/image\\\/\"},\"sameAs\":[\"https:\\\/\\\/www.facebook.com\\\/LaserlinerOfficial\",\"https:\\\/\\\/www.instagram.com\\\/laserlinerofficial\\\/\",\"https:\\\/\\\/www.linkedin.com\\\/company\\\/laserliner-deutschland\\\/\",\"https:\\\/\\\/www.youtube.com\\\/c\\\/LaserlinerOfficial\"]}]}<\/script>\n<!-- \/ Yoast SEO plugin. -->","yoast_head_json":{"title":"Impressum &#183; BBQ &amp; Outdoor","robots":{"index":"index","follow":"follow","max-snippet":"max-snippet:-1","max-image-preview":"max-image-preview:large","max-video-preview":"max-video-preview:-1"},"canonical":"https:\/\/bbq-and-outdoor.info\/es\/impressum\/","og_locale":"es_ES","og_type":"article","og_title":"Impressum &#183; BBQ &amp; Outdoor","og_description":"IMPRESSUM UMAREX GmbH &amp; Co. KGBereich LaserlinerDonnerfeld 259757 ArnsbergGermany Tel. +49 2932 9004-0Fax +49 2932 9004-333info@laserliner.comwww.laserliner.com Steuerrechtliche InformationenAmtsgericht Arnsberg, HRA 2069 Pers\u00f6nlich haftende Gesellschafterin:UMAREX Verwaltungs GmbH Vertretungsberechtigte Gesch\u00e4ftsf\u00fchrer:Wulf-Heinz PflaumerEyck Pflaumer, Martin Wonisch, Matthias Strack Amtsgericht Arnsberg, HRB 493Ust.-Id Nr. DE123887303 StreitschlichtungWir sind nicht bereit oder verpflichtet, an Streitbeilegungsverfahren vor einer Verbraucherschlichtungsstelle teilzunehmen.","og_url":"https:\/\/bbq-and-outdoor.info\/es\/impressum\/","og_site_name":"BBQ &amp; Outdoor","article_publisher":"https:\/\/www.facebook.com\/LaserlinerOfficial","article_modified_time":"2025-07-28T12:10:06+00:00","twitter_card":"summary_large_image","twitter_misc":{"Est. reading time":"1 minute"},"schema":{"@context":"https:\/\/schema.org","@graph":[{"@type":"WebPage","@id":"https:\/\/bbq-and-outdoor.info\/impressum\/","url":"https:\/\/bbq-and-outdoor.info\/impressum\/","name":"Impressum &#183; BBQ &amp; Outdoor","isPartOf":{"@id":"https:\/\/bbq-and-outdoor.info\/#website"},"datePublished":"2021-03-02T08:23:34+00:00","dateModified":"2025-07-28T12:10:06+00:00","breadcrumb":{"@id":"https:\/\/bbq-and-outdoor.info\/impressum\/#breadcrumb"},"inLanguage":"es-ES","potentialAction":[{"@type":"ReadAction","target":["https:\/\/bbq-and-outdoor.info\/impressum\/"]}]},{"@type":"BreadcrumbList","@id":"https:\/\/bbq-and-outdoor.info\/impressum\/#breadcrumb","itemListElement":[{"@type":"ListItem","position":1,"name":"Startseite","item":"https:\/\/bbq-and-outdoor.info\/"},{"@type":"ListItem","position":2,"name":"Impressum"}]},{"@type":"WebSite","@id":"https:\/\/bbq-and-outdoor.info\/#website","url":"https:\/\/bbq-and-outdoor.info\/","name":"Laserliner BBQ & Outdoor","description":"","publisher":{"@id":"https:\/\/bbq-and-outdoor.info\/#organization"},"potentialAction":[{"@type":"SearchAction","target":{"@type":"EntryPoint","urlTemplate":"https:\/\/bbq-and-outdoor.info\/?s={search_term_string}"},"query-input":{"@type":"PropertyValueSpecification","valueRequired":true,"valueName":"search_term_string"}}],"inLanguage":"es-ES"},{"@type":"Organization","@id":"https:\/\/bbq-and-outdoor.info\/#organization","name":"UMAREX GmbH & Co. KG \u00b7 Bereich Laserliner","url":"https:\/\/bbq-and-outdoor.info\/","logo":{"@type":"ImageObject","inLanguage":"es-ES","@id":"https:\/\/bbq-and-outdoor.info\/#\/schema\/logo\/image\/","url":"https:\/\/bbq-and-outdoor.info\/wp-content\/uploads\/2021\/02\/Logo_Laserliner_200.png","contentUrl":"https:\/\/bbq-and-outdoor.info\/wp-content\/uploads\/2021\/02\/Logo_Laserliner_200.png","width":200,"height":56,"caption":"UMAREX GmbH & Co. KG \u00b7 Bereich Laserliner"},"image":{"@id":"https:\/\/bbq-and-outdoor.info\/#\/schema\/logo\/image\/"},"sameAs":["https:\/\/www.facebook.com\/LaserlinerOfficial","https:\/\/www.instagram.com\/laserlinerofficial\/","https:\/\/www.linkedin.com\/company\/laserliner-deutschland\/","https:\/\/www.youtube.com\/c\/LaserlinerOfficial"]}]}},"_links":{"self":[{"href":"https:\/\/bbq-and-outdoor.info\/es\/wp-json\/wp\/v2\/pages\/988","targetHints":{"allow":["GET"]}}],"collection":[{"href":"https:\/\/bbq-and-outdoor.info\/es\/wp-json\/wp\/v2\/pages"}],"about":[{"href":"https:\/\/bbq-and-outdoor.info\/es\/wp-json\/wp\/v2\/types\/page"}],"author":[{"embeddable":true,"href":"https:\/\/bbq-and-outdoor.info\/es\/wp-json\/wp\/v2\/users\/3"}],"replies":[{"embeddable":true,"href":"https:\/\/bbq-and-outdoor.info\/es\/wp-json\/wp\/v2\/comments?post=988"}],"version-history":[{"count":18,"href":"https:\/\/bbq-and-outdoor.info\/es\/wp-json\/wp\/v2\/pages\/988\/revisions"}],"predecessor-version":[{"id":4131,"href":"https:\/\/bbq-and-outdoor.info\/es\/wp-json\/wp\/v2\/pages\/988\/revisions\/4131"}],"wp:attachment":[{"href":"https:\/\/bbq-and-outdoor.info\/es\/wp-json\/wp\/v2\/media?parent=988"}],"curies":[{"name":"wp","href":"https:\/\/api.w.org\/{rel}","templated":true}]}}